 {"id":3679,"date":"2017-03-09T19:13:38","date_gmt":"2017-03-09T19:13:38","guid":{"rendered":"http:\/\/localhost:8080\/?page_id=3679"},"modified":"2024-02-24T12:15:24","modified_gmt":"2024-02-24T12:15:24","slug":"ajudar","status":"publish","type":"page","link":"https:\/\/www.uniaozoofila.org\/en\/ajudar\/","title":{"rendered":"AJUDAR"},"content":{"rendered":"<div class=\"vce-row-container\" data-vce-boxed-width=\"true\"><div class=\"vce-row vce-row--col-gap-30 vce-row-equal-height vce-row-content--top\" id=\"el-ff1dae0c\" data-vce-do-apply=\"all el-ff1dae0c\"><div class=\"vce-row-content\" data-vce-element-content=\"true\"><div class=\"vce-col vce-col--md-54p vce-col--xs-1 vce-col--xs-last vce-col--xs-first vce-col--sm-last vce-col--sm-first vce-col--md-first vce-col--lg-first vce-col--xl-first\" id=\"el-c67da40e\"><div class=\"vce-col-inner\" data-vce-do-apply=\"border margin background  el-c67da40e\"><div class=\"vce-col-content\" data-vce-element-content=\"true\" data-vce-do-apply=\"padding el-c67da40e\"><div class=\"vce-text-block\"><div class=\"vce-text-block-wrapper vce\" id=\"el-4225e7f9\" data-vce-do-apply=\"all el-4225e7f9\"><h3>&nbsp;<\/h3><p><span style=\"font-size: 16pt;\"><strong><span style=\"font-family: inherit; color: #f1501b; letter-spacing: inherit;\">DOAR<\/span><\/strong><\/span><\/p><p style=\"line-height: inherit;\"><span style=\"font-family: inherit; color: #5d5c64; letter-spacing: inherit; font-weight: 400; font-style: normal; font-size: 12pt;\">A UZ<\/span><span style=\"color: #5d5c64; font-family: inherit; font-size: 12pt;\"> vive das quotas dos seus s\u00f3cios e dos donativos feitos por pessoas que se sensibilizam com a causa animal e sabem que podem confiar em n\u00f3s. Todo o dinheiro que angariamos \u00e9 usado a favor dos animais. Pode ajud\u00e1-los atrav\u00e9s das seguintes formas:<\/span><\/p><p style=\"text-align: left;\"><span style=\"color: #5d5c64; font-family: inherit; font-size: 12pt;\"><strong><em>In-kind donations<\/em><\/strong><\/span><\/p><ul><li style=\"list-style-type: none;\"><ul style=\"text-align: left;\"><li style=\"line-height: 1.75;\"><span style=\"color: #5d5c64; font-family: inherit; font-size: 12pt;\">Comida seca e de latas para c\u00e3es e gatos, coleiras desparasitantes, leitores de microchip, trelas, coleiras e peitorais, medicamentos, produtos de limpeza (detergentes, p\u00e1s, vassouras, etc...), areia para gatos, casotas de pl\u00e1stico e camas.<\/span><\/li><li style=\"line-height: 1.75;\"><span style=\"color: #5d5c64; font-family: inherit; font-size: 12pt;\">Consulte a nossa <strong><a style=\"color: #5d5c64;\" href=\"http:\/\/www.uniaozoofila.org\/en\/?page_id=6208&amp;preview=true\">lista atual de necessidades<\/a>&nbsp;<\/strong>e os <strong><a style=\"color: #5d5c64;\" href=\"http:\/\/www.uniaozoofila.org\/en\/pedido-de-medicamentos\/\">medicamentos<\/a><\/strong> mais usados.<\/span><\/li><\/ul><\/li><\/ul><p style=\"text-align: left;\"><span style=\"color: #5d5c64; font-family: inherit; font-size: 12pt;\"><strong><em>Monetary donations<\/em><\/strong><\/span><\/p><ul><li style=\"list-style-type: none;\"><ul style=\"text-align: left;\"><li style=\"line-height: 1.75;\"><span style=\"font-family: inherit; color: #5d5c64; font-size: 12pt;\">Donativos atrav\u00e9s do <strong><a style=\"color: #5d5c64;\" href=\"http:\/\/www.paypal.me\/uniaozoofila\/\">PayPal <\/a><\/strong><\/span><\/li><li style=\"line-height: 1.75;\"><span style=\"font-family: inherit; color: #5d5c64; font-size: 12pt;\">Ligando para o <strong>760 50 10 15<\/strong> (cada chamada tem um custo de 60 c\u00eantimos + IVA)<\/span><\/li><li style=\"line-height: 1.75;\"><span style=\"font-family: inherit; color: #5d5c64; font-size: 12pt;\">Donativos por <strong>MBWAY<\/strong> atrav\u00e9s do n\u00famero <strong>+351<\/strong> <strong>934 606 853 <\/strong>(com indica\u00e7\u00e3o dos dados a constar no recibo) <\/span><\/li><li style=\"line-height: 1.75;\"><span style=\"font-family: inherit; color: #5d5c64; font-size: 12pt;\">Donativos por transfer\u00eancia banc\u00e1ria para o IBAN <strong>PT50 0033 0000 00580204223 56 <\/strong>(envie-nos o comprovativo e dados a constar no recibo para <strong>uniaozoofila.apoio@gmail.com<\/strong>)<\/span><\/li><\/ul><\/li><\/ul><hr><p style=\"text-align: left;\"><span style=\"color: #5d5c64; font-family: inherit; font-size: 10pt;\">Os recibos dos donativos monet\u00e1rios s\u00e3o dedut\u00edveis em sede de IRS.<span class=\"color_14\" style=\"letter-spacing: inherit;\"> Para isso, na sua declara\u00e7\u00e3o anual de IRS deve ser preenchido o campo 7 do Anexo H, c\u00f3digo 613 -Mecenato Social - donativos atribu\u00eddos no \u00e2mbito do mecenato social (n\u00ba 3 do art\u00ba 62\u00ba do Estatuto dos Benef\u00edcios Fiscais).<\/span><\/span><\/p><\/div><\/div><div class=\"vce-button--style-basic-container vce-button--style-basic-container--align-left\"><span class=\"vce-button--style-basic-wrapper vce\" id=\"el-fce238a9\" data-vce-do-apply=\"margin el-fce238a9\"><a class=\"vce-button vce-button--style-basic vce-button--style-basic--border-round vce-button--style-basic--size-medium vce-button--style-basic--color-b-241-80-27--b-255-255-255\" href=\"https:\/\/www.paypal.com\/paypalme\/uniaozoofila\/\" title=\"\" id=\"botao_1\" data-vce-do-apply=\"padding border background  el-fce238a9\" data-vce-animate=\"vce-o-animate--bounce\">Doar Paypal<\/a><\/span><\/div><\/div><\/div><\/div><div class=\"vce-col vce-col--md-46p vce-col--xs-1 vce-col--xs-last vce-col--xs-first vce-col--sm-last vce-col--sm-first vce-col--md-last vce-col--lg-last vce-col--xl-last\" id=\"el-e454eda7\"><div class=\"vce-col-inner\" data-vce-do-apply=\"border margin background  el-e454eda7\"><div class=\"vce-col-content\" data-vce-element-content=\"true\" data-vce-do-apply=\"padding el-e454eda7\"><div class=\"vce-single-image-container vce-single-image--align-left\"><div class=\"vce vce-single-image-wrapper\" id=\"el-ad43fd94\" data-vce-do-apply=\"all el-ad43fd94\"><figure><div class=\"vce-single-image-figure-inner\" style=\"width: 818px;\"><div class=\"vce-single-image-inner vce-single-image--absolute\" style=\"width: 100%; padding-bottom: 77.3839%;\"><img decoding=\"async\" class=\"vce-single-image lazyload\"  width=\"818\" height=\"633\" data-srcset=\"https:\/\/www.uniaozoofila.org\/wp-content\/uploads\/2024\/02\/mae-e-caes-320x248.png 320w, https:\/\/www.uniaozoofila.org\/wp-content\/uploads\/2024\/02\/mae-e-caes-480x371.png 480w, https:\/\/www.uniaozoofila.org\/wp-content\/uploads\/2024\/02\/mae-e-caes-800x619.png 800w, https:\/\/www.uniaozoofila.org\/wp-content\/uploads\/2024\/02\/mae-e-caes-818x633.png 818w\" data-src=\"https:\/\/www.uniaozoofila.org\/wp-content\/uploads\/2024\/02\/mae-e-caes-818x633.png\" data-img-src=\"https:\/\/www.uniaozoofila.org\/wp-content\/uploads\/2024\/02\/mae-e-caes.png\" data-attachment-id=\"7002\"  alt=\"\" title=\"m\u00e3e e caes\" src=\"data:image\/svg+xml;base64,PHN2ZyB3aWR0aD0iMSIgaGVpZ2h0PSIxIiB4bWxucz0iaHR0cDovL3d3dy53My5vcmcvMjAwMC9zdmciPjwvc3ZnPg==\" style=\"--smush-placeholder-width: 818px; --smush-placeholder-aspect-ratio: 818\/633;\" \/><\/div><\/div><figcaption hidden=\"\"><\/figcaption><\/figure><\/div><\/div><\/div><\/div><\/div><\/div><\/div><\/div>","protected":false},"excerpt":{"rendered":"<p>&nbsp;DOARA UZ vive das quotas dos seus s\u00f3cios e dos donativos feitos por pessoas que se sensibilizam com a causa animal e sabem que podem confiar em n\u00f3s. Todo o [&hellip;]<\/p>\n","protected":false},"author":2,"featured_media":0,"parent":0,"menu_order":0,"comment_status":"closed","ping_status":"closed","template":"","meta":{"_price":"","_stock":"","_tribe_ticket_header":"","_tribe_default_ticket_provider":"","_tribe_ticket_capacity":"0","_ticket_start_date":"","_ticket_end_date":"","_tribe_ticket_show_description":"","_tribe_ticket_show_not_going":false,"_tribe_ticket_use_global_stock":"","_tribe_ticket_global_stock_level":"","_global_stock_mode":"","_global_stock_cap":"","_tribe_rsvp_for_event":"","_tribe_ticket_going_count":"","_tribe_ticket_not_going_count":"","_tribe_tickets_list":"[]","_tribe_ticket_has_attendee_info_fields":false,"footnotes":"","_tec_slr_enabled":"","_tec_slr_layout":""},"class_list":["post-3679","page","type-page","status-publish","hentry"],"yoast_head":"<!-- This site is optimized with the Yoast SEO plugin v27.5 - https:\/\/yoast.com\/product\/yoast-seo-wordpress\/ -->\n<title>AJUDAR - Uni\u00e3o Zo\u00f3fila<\/title>\n<meta name=\"robots\" content=\"index, follow, max-snippet:-1, max-image-preview:large, max-video-preview:-1\" \/>\n<link rel=\"canonical\" href=\"https:\/\/www.uniaozoofila.org\/en\/ajudar\/\" \/>\n<meta property=\"og:locale\" content=\"en_GB\" \/>\n<meta property=\"og:type\" content=\"article\" \/>\n<meta property=\"og:title\" content=\"AJUDAR - Uni\u00e3o Zo\u00f3fila\" \/>\n<meta property=\"og:description\" content=\"&nbsp;DOARA UZ vive das quotas dos seus s\u00f3cios e dos donativos feitos por pessoas que se sensibilizam com a causa animal e sabem que podem confiar em n\u00f3s. Todo o [&hellip;]\" \/>\n<meta property=\"og:url\" content=\"https:\/\/www.uniaozoofila.org\/en\/ajudar\/\" \/>\n<meta property=\"og:site_name\" content=\"Uni\u00e3o Zo\u00f3fila\" \/>\n<meta property=\"article:modified_time\" content=\"2024-02-24T12:15:24+00:00\" \/>\n<meta name=\"twitter:card\" content=\"summary_large_image\" \/>\n<meta name=\"twitter:label1\" content=\"Estimated reading time\" \/>\n\t<meta name=\"twitter:data1\" content=\"6 minutes\" \/>\n<script type=\"application\/ld+json\" class=\"yoast-schema-graph\">{\"@context\":\"https:\\\/\\\/schema.org\",\"@graph\":[{\"@type\":\"WebPage\",\"@id\":\"https:\\\/\\\/www.uniaozoofila.org\\\/ajudar\\\/\",\"url\":\"https:\\\/\\\/www.uniaozoofila.org\\\/ajudar\\\/\",\"name\":\"AJUDAR - Uni\u00e3o Zo\u00f3fila\",\"isPartOf\":{\"@id\":\"https:\\\/\\\/www.uniaozoofila.org\\\/#website\"},\"datePublished\":\"2017-03-09T19:13:38+00:00\",\"dateModified\":\"2024-02-24T12:15:24+00:00\",\"breadcrumb\":{\"@id\":\"https:\\\/\\\/www.uniaozoofila.org\\\/ajudar\\\/#breadcrumb\"},\"inLanguage\":\"en-GB\",\"potentialAction\":[{\"@type\":\"ReadAction\",\"target\":[\"https:\\\/\\\/www.uniaozoofila.org\\\/ajudar\\\/\"]}]},{\"@type\":\"BreadcrumbList\",\"@id\":\"https:\\\/\\\/www.uniaozoofila.org\\\/ajudar\\\/#breadcrumb\",\"itemListElement\":[{\"@type\":\"ListItem\",\"position\":1,\"name\":\"In\u00edcio\",\"item\":\"https:\\\/\\\/www.uniaozoofila.org\\\/\"},{\"@type\":\"ListItem\",\"position\":2,\"name\":\"AJUDAR\"}]},{\"@type\":\"WebSite\",\"@id\":\"https:\\\/\\\/www.uniaozoofila.org\\\/#website\",\"url\":\"https:\\\/\\\/www.uniaozoofila.org\\\/\",\"name\":\"Uni\u00e3o Zo\u00f3fila\",\"description\":\"\",\"publisher\":{\"@id\":\"https:\\\/\\\/www.uniaozoofila.org\\\/#organization\"},\"potentialAction\":[{\"@type\":\"SearchAction\",\"target\":{\"@type\":\"EntryPoint\",\"urlTemplate\":\"https:\\\/\\\/www.uniaozoofila.org\\\/?s={search_term_string}\"},\"query-input\":{\"@type\":\"PropertyValueSpecification\",\"valueRequired\":true,\"valueName\":\"search_term_string\"}}],\"inLanguage\":\"en-GB\"},{\"@type\":\"Organization\",\"@id\":\"https:\\\/\\\/www.uniaozoofila.org\\\/#organization\",\"name\":\"Uni\u00e3o Zo\u00f3fila\",\"url\":\"https:\\\/\\\/www.uniaozoofila.org\\\/\",\"logo\":{\"@type\":\"ImageObject\",\"inLanguage\":\"en-GB\",\"@id\":\"https:\\\/\\\/www.uniaozoofila.org\\\/#\\\/schema\\\/logo\\\/image\\\/\",\"url\":\"https:\\\/\\\/www.uniaozoofila.org\\\/wp-content\\\/uploads\\\/2024\\\/02\\\/cropped-Logo-Com-Letras-Fundo-Branco3.png\",\"contentUrl\":\"https:\\\/\\\/www.uniaozoofila.org\\\/wp-content\\\/uploads\\\/2024\\\/02\\\/cropped-Logo-Com-Letras-Fundo-Branco3.png\",\"width\":389,\"height\":548,\"caption\":\"Uni\u00e3o Zo\u00f3fila\"},\"image\":{\"@id\":\"https:\\\/\\\/www.uniaozoofila.org\\\/#\\\/schema\\\/logo\\\/image\\\/\"}}]}<\/script>\n<!-- \/ Yoast SEO plugin. -->","yoast_head_json":{"title":"AJUDAR - Uni\u00e3o Zo\u00f3fila","robots":{"index":"index","follow":"follow","max-snippet":"max-snippet:-1","max-image-preview":"max-image-preview:large","max-video-preview":"max-video-preview:-1"},"canonical":"https:\/\/www.uniaozoofila.org\/en\/ajudar\/","og_locale":"en_GB","og_type":"article","og_title":"AJUDAR - Uni\u00e3o Zo\u00f3fila","og_description":"&nbsp;DOARA UZ vive das quotas dos seus s\u00f3cios e dos donativos feitos por pessoas que se sensibilizam com a causa animal e sabem que podem confiar em n\u00f3s. Todo o [&hellip;]","og_url":"https:\/\/www.uniaozoofila.org\/en\/ajudar\/","og_site_name":"Uni\u00e3o Zo\u00f3fila","article_modified_time":"2024-02-24T12:15:24+00:00","twitter_card":"summary_large_image","twitter_misc":{"Estimated reading time":"6 minutes"},"schema":{"@context":"https:\/\/schema.org","@graph":[{"@type":"WebPage","@id":"https:\/\/www.uniaozoofila.org\/ajudar\/","url":"https:\/\/www.uniaozoofila.org\/ajudar\/","name":"AJUDAR - Uni\u00e3o Zo\u00f3fila","isPartOf":{"@id":"https:\/\/www.uniaozoofila.org\/#website"},"datePublished":"2017-03-09T19:13:38+00:00","dateModified":"2024-02-24T12:15:24+00:00","breadcrumb":{"@id":"https:\/\/www.uniaozoofila.org\/ajudar\/#breadcrumb"},"inLanguage":"en-GB","potentialAction":[{"@type":"ReadAction","target":["https:\/\/www.uniaozoofila.org\/ajudar\/"]}]},{"@type":"BreadcrumbList","@id":"https:\/\/www.uniaozoofila.org\/ajudar\/#breadcrumb","itemListElement":[{"@type":"ListItem","position":1,"name":"In\u00edcio","item":"https:\/\/www.uniaozoofila.org\/"},{"@type":"ListItem","position":2,"name":"AJUDAR"}]},{"@type":"WebSite","@id":"https:\/\/www.uniaozoofila.org\/#website","url":"https:\/\/www.uniaozoofila.org\/","name":"Uni\u00e3o Zo\u00f3fila","description":"","publisher":{"@id":"https:\/\/www.uniaozoofila.org\/#organization"},"potentialAction":[{"@type":"SearchAction","target":{"@type":"EntryPoint","urlTemplate":"https:\/\/www.uniaozoofila.org\/?s={search_term_string}"},"query-input":{"@type":"PropertyValueSpecification","valueRequired":true,"valueName":"search_term_string"}}],"inLanguage":"en-GB"},{"@type":"Organization","@id":"https:\/\/www.uniaozoofila.org\/#organization","name":"Uni\u00e3o Zo\u00f3fila","url":"https:\/\/www.uniaozoofila.org\/","logo":{"@type":"ImageObject","inLanguage":"en-GB","@id":"https:\/\/www.uniaozoofila.org\/#\/schema\/logo\/image\/","url":"https:\/\/www.uniaozoofila.org\/wp-content\/uploads\/2024\/02\/cropped-Logo-Com-Letras-Fundo-Branco3.png","contentUrl":"https:\/\/www.uniaozoofila.org\/wp-content\/uploads\/2024\/02\/cropped-Logo-Com-Letras-Fundo-Branco3.png","width":389,"height":548,"caption":"Uni\u00e3o Zo\u00f3fila"},"image":{"@id":"https:\/\/www.uniaozoofila.org\/#\/schema\/logo\/image\/"}}]}},"ticketed":false,"_links":{"self":[{"href":"https:\/\/www.uniaozoofila.org\/en\/wp-json\/wp\/v2\/pages\/3679","targetHints":{"allow":["GET"]}}],"collection":[{"href":"https:\/\/www.uniaozoofila.org\/en\/wp-json\/wp\/v2\/pages"}],"about":[{"href":"https:\/\/www.uniaozoofila.org\/en\/wp-json\/wp\/v2\/types\/page"}],"author":[{"embeddable":true,"href":"https:\/\/www.uniaozoofila.org\/en\/wp-json\/wp\/v2\/users\/2"}],"replies":[{"embeddable":true,"href":"https:\/\/www.uniaozoofila.org\/en\/wp-json\/wp\/v2\/comments?post=3679"}],"version-history":[{"count":188,"href":"https:\/\/www.uniaozoofila.org\/en\/wp-json\/wp\/v2\/pages\/3679\/revisions"}],"predecessor-version":[{"id":7308,"href":"https:\/\/www.uniaozoofila.org\/en\/wp-json\/wp\/v2\/pages\/3679\/revisions\/7308"}],"wp:attachment":[{"href":"https:\/\/www.uniaozoofila.org\/en\/wp-json\/wp\/v2\/media?parent=3679"}],"curies":[{"name":"wp","href":"https:\/\/api.w.org\/{rel}","templated":true}]}}