 {"id":6208,"date":"2021-11-24T18:43:51","date_gmt":"2021-11-24T18:43:51","guid":{"rendered":"https:\/\/www.uniaozoofila.org\/?page_id=6208"},"modified":"2024-08-06T10:31:57","modified_gmt":"2024-08-06T09:31:57","slug":"lista-de-necessidades","status":"publish","type":"page","link":"https:\/\/www.uniaozoofila.org\/en\/about-us\/lista-de-necessidades\/","title":{"rendered":"Lista de Necessidades"},"content":{"rendered":"<div class=\"vce-row-container\" data-vce-boxed-width=\"true\"><div class=\"vce-row vce-row--col-gap-30 vce-row-equal-height vce-row-content--top\" id=\"el-2f1bc553\" data-vce-do-apply=\"all el-2f1bc553\"><div class=\"vce-row-content\" data-vce-element-content=\"true\"><div class=\"vce-col vce-col--md-auto vce-col--xs-1 vce-col--xs-last vce-col--xs-first vce-col--sm-last vce-col--sm-first vce-col--md-last vce-col--lg-last vce-col--xl-last vce-col--md-first vce-col--lg-first vce-col--xl-first\" id=\"el-cfcd2294\"><div class=\"vce-col-inner\" data-vce-do-apply=\"border margin background  el-cfcd2294\"><div class=\"vce-col-content\" data-vce-element-content=\"true\" data-vce-do-apply=\"padding el-cfcd2294\"><div class=\"vce-text-block\"><div class=\"vce-text-block-wrapper vce\" id=\"el-3ca27671\" data-vce-do-apply=\"all el-3ca27671\">\n<h2 class=\"wp-block-heading\">Lista de Necessidades<\/h2>\n\n<p>&nbsp;<\/p>\n<h5 style=\"text-align: center;\">PARA C\u00c3O<\/h5>\n<hr>\n<p><b>\u21d2 Ra\u00e7\u00e3o<\/b><b> <\/b> <b>\u21d2 Pat\u00eas <\/b>para ajudar na medica\u00e7\u00e3o e alimentar os c\u00e3es mais fragilizados <strong><b>\u21d2 <\/b>Ra\u00e7\u00e3o para s\u00e9niores<\/strong> (gr\u00e3os mais pequenos ou mais moles) <strong><b>\u21d2 <\/b>Ra\u00e7\u00e3o especial<\/strong> - hep\u00e1tica, gastrointestinal, hipoalerg\u00e9nica, urin\u00e1ria, renal, articular, diab\u00e9tica <strong><b>\u21d2 <\/b>H\u00famidos especiais<\/strong> - renal, gastrointestinal<\/p>\n<h5 style=\"text-align: center;\">PARA GATO<\/h5>\n<hr>\n<p><b>\u21d2 Ra\u00e7\u00e3o<\/b><b> <\/b> <b>\u21d2 Pat\u00eas <\/b>para ajudar na medica\u00e7\u00e3o e alimentar os gatos mais fragilizados <strong><b>\u21d2 <\/b>Ra\u00e7\u00e3o para s\u00e9niores<\/strong> (gr\u00e3os mais pequenos ou mais moles) <strong><b>\u21d2 <\/b>Ra\u00e7\u00e3o especial<\/strong> - ra\u00e7\u00e3o renal; ra\u00e7\u00e3o intestinal <strong><b>\u21d2 <\/b>H\u00famidos especiais<\/strong> - h\u00famidos renal; h\u00famidos intestinal<\/p>\n<h5 style=\"text-align: center;\">OUTRAS NECESSIDADES<\/h5>\n<hr>\n<p style=\"text-align: left;\"><strong>\u21d2 Detergente de roupa para m\u00e1quina<\/strong><\/p>\n<p style=\"text-align: left;\"><strong>\u21d2 Rolos de papel de cozinha<\/strong><\/p>\n<p style=\"text-align: left;\"><strong>\u21d2 Cotonetes<\/strong><\/p>\n<h4 style=\"text-align: center;\">ONDE DEIXAR OS DONATIVOS?<\/h4>\n<div style=\"text-align: center;\"><span style=\"color: #000000;\">.&nbsp;<span style=\"color: #ff6600;\"><b>Donations<\/b>&nbsp;<\/span>podem continuar a ser deixados ao port\u00e3o, no dia em que mais lhe convier, entre as 14h e as 17h.<\/span><\/div>\n<div style=\"text-align: center;\">&nbsp;<\/div>\n<div>\n<div style=\"text-align: center;\"><span style=\"color: #000000;\">Fale connosco e esclare\u00e7a as suas d\u00favidas enviando um email para:&nbsp;<span style=\"color: #ff6600;\"><strong><a style=\"color: #ff6600;\" href=\"mailto:geral@uniaozoofila.org\" target=\"_blank\" rel=\"noopener\">geral@uniaozoofila.org<\/a><\/strong><\/span><\/span><\/div>\n<\/div>\n<\/div><\/div><\/div><\/div><\/div><\/div><\/div><\/div>","protected":false},"excerpt":{"rendered":"<p>Lista de Necessidades &nbsp;<\/p>","protected":false},"author":2,"featured_media":0,"parent":756,"menu_order":2,"comment_status":"closed","ping_status":"closed","template":"","meta":{"_price":"","_stock":"","_tribe_ticket_header":"","_tribe_default_ticket_provider":"","_tribe_ticket_capacity":"0","_ticket_start_date":"","_ticket_end_date":"","_tribe_ticket_show_description":"","_tribe_ticket_show_not_going":false,"_tribe_ticket_use_global_stock":"","_tribe_ticket_global_stock_level":"","_global_stock_mode":"","_global_stock_cap":"","_tribe_rsvp_for_event":"","_tribe_ticket_going_count":"","_tribe_ticket_not_going_count":"","_tribe_tickets_list":"[]","_tribe_ticket_has_attendee_info_fields":false,"footnotes":"","_tec_slr_enabled":"","_tec_slr_layout":""},"class_list":["post-6208","page","type-page","status-publish","hentry"],"yoast_head":"<!-- This site is optimized with the Yoast SEO plugin v27.5 - https:\/\/yoast.com\/product\/yoast-seo-wordpress\/ -->\n<title>Lista de Necessidades - Uni\u00e3o Zo\u00f3fila<\/title>\n<meta name=\"robots\" content=\"index, follow, max-snippet:-1, max-image-preview:large, max-video-preview:-1\" \/>\n<link rel=\"canonical\" href=\"https:\/\/www.uniaozoofila.org\/en\/about-us\/lista-de-necessidades\/\" \/>\n<meta property=\"og:locale\" content=\"en_GB\" \/>\n<meta property=\"og:type\" content=\"article\" \/>\n<meta property=\"og:title\" content=\"Lista de Necessidades - Uni\u00e3o Zo\u00f3fila\" \/>\n<meta property=\"og:description\" content=\"Lista de Necessidades &nbsp;\" \/>\n<meta property=\"og:url\" content=\"https:\/\/www.uniaozoofila.org\/en\/about-us\/lista-de-necessidades\/\" \/>\n<meta property=\"og:site_name\" content=\"Uni\u00e3o Zo\u00f3fila\" \/>\n<meta property=\"article:modified_time\" content=\"2024-08-06T09:31:57+00:00\" \/>\n<meta name=\"twitter:card\" content=\"summary_large_image\" \/>\n<meta name=\"twitter:label1\" content=\"Estimated reading time\" \/>\n\t<meta name=\"twitter:data1\" content=\"1 minute\" \/>\n<script type=\"application\/ld+json\" class=\"yoast-schema-graph\">{\"@context\":\"https:\\\/\\\/schema.org\",\"@graph\":[{\"@type\":\"WebPage\",\"@id\":\"https:\\\/\\\/www.uniaozoofila.org\\\/about-us\\\/lista-de-necessidades\\\/\",\"url\":\"https:\\\/\\\/www.uniaozoofila.org\\\/about-us\\\/lista-de-necessidades\\\/\",\"name\":\"Lista de Necessidades - Uni\u00e3o Zo\u00f3fila\",\"isPartOf\":{\"@id\":\"https:\\\/\\\/www.uniaozoofila.org\\\/#website\"},\"datePublished\":\"2021-11-24T18:43:51+00:00\",\"dateModified\":\"2024-08-06T09:31:57+00:00\",\"breadcrumb\":{\"@id\":\"https:\\\/\\\/www.uniaozoofila.org\\\/about-us\\\/lista-de-necessidades\\\/#breadcrumb\"},\"inLanguage\":\"en-GB\",\"potentialAction\":[{\"@type\":\"ReadAction\",\"target\":[\"https:\\\/\\\/www.uniaozoofila.org\\\/about-us\\\/lista-de-necessidades\\\/\"]}]},{\"@type\":\"BreadcrumbList\",\"@id\":\"https:\\\/\\\/www.uniaozoofila.org\\\/about-us\\\/lista-de-necessidades\\\/#breadcrumb\",\"itemListElement\":[{\"@type\":\"ListItem\",\"position\":1,\"name\":\"In\u00edcio\",\"item\":\"https:\\\/\\\/www.uniaozoofila.org\\\/\"},{\"@type\":\"ListItem\",\"position\":2,\"name\":\"A UNI\u00c3O ZO\u00d3FILA\",\"item\":\"https:\\\/\\\/www.uniaozoofila.org\\\/about-us\\\/\"},{\"@type\":\"ListItem\",\"position\":3,\"name\":\"Lista de Necessidades\"}]},{\"@type\":\"WebSite\",\"@id\":\"https:\\\/\\\/www.uniaozoofila.org\\\/#website\",\"url\":\"https:\\\/\\\/www.uniaozoofila.org\\\/\",\"name\":\"Uni\u00e3o Zo\u00f3fila\",\"description\":\"\",\"publisher\":{\"@id\":\"https:\\\/\\\/www.uniaozoofila.org\\\/#organization\"},\"potentialAction\":[{\"@type\":\"SearchAction\",\"target\":{\"@type\":\"EntryPoint\",\"urlTemplate\":\"https:\\\/\\\/www.uniaozoofila.org\\\/?s={search_term_string}\"},\"query-input\":{\"@type\":\"PropertyValueSpecification\",\"valueRequired\":true,\"valueName\":\"search_term_string\"}}],\"inLanguage\":\"en-GB\"},{\"@type\":\"Organization\",\"@id\":\"https:\\\/\\\/www.uniaozoofila.org\\\/#organization\",\"name\":\"Uni\u00e3o Zo\u00f3fila\",\"url\":\"https:\\\/\\\/www.uniaozoofila.org\\\/\",\"logo\":{\"@type\":\"ImageObject\",\"inLanguage\":\"en-GB\",\"@id\":\"https:\\\/\\\/www.uniaozoofila.org\\\/#\\\/schema\\\/logo\\\/image\\\/\",\"url\":\"https:\\\/\\\/www.uniaozoofila.org\\\/wp-content\\\/uploads\\\/2024\\\/02\\\/cropped-Logo-Com-Letras-Fundo-Branco3.png\",\"contentUrl\":\"https:\\\/\\\/www.uniaozoofila.org\\\/wp-content\\\/uploads\\\/2024\\\/02\\\/cropped-Logo-Com-Letras-Fundo-Branco3.png\",\"width\":389,\"height\":548,\"caption\":\"Uni\u00e3o Zo\u00f3fila\"},\"image\":{\"@id\":\"https:\\\/\\\/www.uniaozoofila.org\\\/#\\\/schema\\\/logo\\\/image\\\/\"}}]}<\/script>\n<!-- \/ Yoast SEO plugin. -->","yoast_head_json":{"title":"Lista de Necessidades - Uni\u00e3o Zo\u00f3fila","robots":{"index":"index","follow":"follow","max-snippet":"max-snippet:-1","max-image-preview":"max-image-preview:large","max-video-preview":"max-video-preview:-1"},"canonical":"https:\/\/www.uniaozoofila.org\/en\/about-us\/lista-de-necessidades\/","og_locale":"en_GB","og_type":"article","og_title":"Lista de Necessidades - Uni\u00e3o Zo\u00f3fila","og_description":"Lista de Necessidades &nbsp;","og_url":"https:\/\/www.uniaozoofila.org\/en\/about-us\/lista-de-necessidades\/","og_site_name":"Uni\u00e3o Zo\u00f3fila","article_modified_time":"2024-08-06T09:31:57+00:00","twitter_card":"summary_large_image","twitter_misc":{"Estimated reading time":"1 minute"},"schema":{"@context":"https:\/\/schema.org","@graph":[{"@type":"WebPage","@id":"https:\/\/www.uniaozoofila.org\/about-us\/lista-de-necessidades\/","url":"https:\/\/www.uniaozoofila.org\/about-us\/lista-de-necessidades\/","name":"Lista de Necessidades - Uni\u00e3o Zo\u00f3fila","isPartOf":{"@id":"https:\/\/www.uniaozoofila.org\/#website"},"datePublished":"2021-11-24T18:43:51+00:00","dateModified":"2024-08-06T09:31:57+00:00","breadcrumb":{"@id":"https:\/\/www.uniaozoofila.org\/about-us\/lista-de-necessidades\/#breadcrumb"},"inLanguage":"en-GB","potentialAction":[{"@type":"ReadAction","target":["https:\/\/www.uniaozoofila.org\/about-us\/lista-de-necessidades\/"]}]},{"@type":"BreadcrumbList","@id":"https:\/\/www.uniaozoofila.org\/about-us\/lista-de-necessidades\/#breadcrumb","itemListElement":[{"@type":"ListItem","position":1,"name":"In\u00edcio","item":"https:\/\/www.uniaozoofila.org\/"},{"@type":"ListItem","position":2,"name":"A UNI\u00c3O ZO\u00d3FILA","item":"https:\/\/www.uniaozoofila.org\/about-us\/"},{"@type":"ListItem","position":3,"name":"Lista de Necessidades"}]},{"@type":"WebSite","@id":"https:\/\/www.uniaozoofila.org\/#website","url":"https:\/\/www.uniaozoofila.org\/","name":"Uni\u00e3o Zo\u00f3fila","description":"","publisher":{"@id":"https:\/\/www.uniaozoofila.org\/#organization"},"potentialAction":[{"@type":"SearchAction","target":{"@type":"EntryPoint","urlTemplate":"https:\/\/www.uniaozoofila.org\/?s={search_term_string}"},"query-input":{"@type":"PropertyValueSpecification","valueRequired":true,"valueName":"search_term_string"}}],"inLanguage":"en-GB"},{"@type":"Organization","@id":"https:\/\/www.uniaozoofila.org\/#organization","name":"Uni\u00e3o Zo\u00f3fila","url":"https:\/\/www.uniaozoofila.org\/","logo":{"@type":"ImageObject","inLanguage":"en-GB","@id":"https:\/\/www.uniaozoofila.org\/#\/schema\/logo\/image\/","url":"https:\/\/www.uniaozoofila.org\/wp-content\/uploads\/2024\/02\/cropped-Logo-Com-Letras-Fundo-Branco3.png","contentUrl":"https:\/\/www.uniaozoofila.org\/wp-content\/uploads\/2024\/02\/cropped-Logo-Com-Letras-Fundo-Branco3.png","width":389,"height":548,"caption":"Uni\u00e3o Zo\u00f3fila"},"image":{"@id":"https:\/\/www.uniaozoofila.org\/#\/schema\/logo\/image\/"}}]}},"ticketed":false,"_links":{"self":[{"href":"https:\/\/www.uniaozoofila.org\/en\/wp-json\/wp\/v2\/pages\/6208","targetHints":{"allow":["GET"]}}],"collection":[{"href":"https:\/\/www.uniaozoofila.org\/en\/wp-json\/wp\/v2\/pages"}],"about":[{"href":"https:\/\/www.uniaozoofila.org\/en\/wp-json\/wp\/v2\/types\/page"}],"author":[{"embeddable":true,"href":"https:\/\/www.uniaozoofila.org\/en\/wp-json\/wp\/v2\/users\/2"}],"replies":[{"embeddable":true,"href":"https:\/\/www.uniaozoofila.org\/en\/wp-json\/wp\/v2\/comments?post=6208"}],"version-history":[{"count":7,"href":"https:\/\/www.uniaozoofila.org\/en\/wp-json\/wp\/v2\/pages\/6208\/revisions"}],"predecessor-version":[{"id":7405,"href":"https:\/\/www.uniaozoofila.org\/en\/wp-json\/wp\/v2\/pages\/6208\/revisions\/7405"}],"up":[{"embeddable":true,"href":"https:\/\/www.uniaozoofila.org\/en\/wp-json\/wp\/v2\/pages\/756"}],"wp:attachment":[{"href":"https:\/\/www.uniaozoofila.org\/en\/wp-json\/wp\/v2\/media?parent=6208"}],"curies":[{"name":"wp","href":"https:\/\/api.w.org\/{rel}","templated":true}]}}