 {"id":7180,"date":"2024-02-23T18:08:27","date_gmt":"2024-02-23T18:08:27","guid":{"rendered":"https:\/\/www.uniaozoofila.org\/?page_id=7180"},"modified":"2024-08-06T10:20:07","modified_gmt":"2024-08-06T09:20:07","slug":"outras-formas-de-ajudar","status":"publish","type":"page","link":"https:\/\/www.uniaozoofila.org\/en\/outras-formas-de-ajudar\/","title":{"rendered":"Outras Formas de Ajudar"},"content":{"rendered":"<div class=\"vce-row-container\" data-vce-boxed-width=\"true\"><div class=\"vce-row vce-row--col-gap-30 vce-row-equal-height vce-row-content--top\" id=\"el-a0a68f78\" data-vce-do-apply=\"all el-a0a68f78\"><div class=\"vce-row-content\" data-vce-element-content=\"true\"><div class=\"vce-col vce-col--md-auto vce-col--xs-1 vce-col--xs-last vce-col--xs-first vce-col--sm-last vce-col--sm-first vce-col--md-first vce-col--lg-first vce-col--xl-first\" id=\"el-8cd5db84\"><div class=\"vce-col-inner\" data-vce-do-apply=\"border margin background  el-8cd5db84\"><div class=\"vce-col-content\" data-vce-element-content=\"true\" data-vce-do-apply=\"padding el-8cd5db84\"><div class=\"vce-text-block\"><div class=\"vce-text-block-wrapper vce\" id=\"el-342c17c6\" data-vce-do-apply=\"all el-342c17c6\"><h3>&nbsp;<\/h3>\n<h3><strong><span style=\"font-family: inherit; color: #f1501b; letter-spacing: inherit; font-size: 14pt;\">CELEBRE O SEU ANIVERS\u00c1RIO COM A UZ<\/span><\/strong><\/h3>\n<div style=\"line-height: inherit;\"><span style=\"font-family: inherit; color: #5d5c64; letter-spacing: inherit; font-weight: 400; font-style: normal; font-size: 12pt;\">Sabia que no seu anivers\u00e1rio pode desafiar os seus amigos a fazer um donativo \u00e0 Uni\u00e3o Zo\u00f3fila atrav\u00e9s da ferramenta de Angaria\u00e7\u00e3o de Fundos do Facebook?&nbsp;E que o valor angariado \u00e9 entregue, na sua totalidade, \u00e0 Uni\u00e3o Zo\u00f3fila?&nbsp;<\/span><\/div>\n<div style=\"line-height: inherit;\">&nbsp;<\/div>\n<div style=\"line-height: inherit;\"><span style=\"font-family: inherit; color: #5d5c64; letter-spacing: inherit; font-weight: 400; font-style: normal; font-size: 12pt;\">E que estes donativos contribuir\u00e3o para vacinar a Flora, medicar a Boo, e tantas outras coisas necess\u00e1rias?&nbsp;Se quiser ajudar, clique em<strong>&nbsp;<a style=\"color: #5d5c64;\" href=\"https:\/\/fb.com\/fund\/uniaozoofila\/\">https:\/\/fb.com\/fund\/uniaozoofila\/<\/a><\/strong><\/span><\/div>\n<div>&nbsp;<\/div>\n<h3>&nbsp;<\/h3>\n<h3 style=\"line-height: inherit;\"><span style=\"font-family: inherit; color: #f1501b; letter-spacing: 1px; font-size: 14pt;\">HERAN\u00c7AS E LEGADOS<\/span><\/h3>\n<p style=\"line-height: inherit;\"><span style=\"font-family: inherit; color: #5d5c64; letter-spacing: inherit; font-weight: 400; font-style: normal; font-size: 12pt;\">Learn how you can help us care for neglected and abused animals after you\u2019ve gone.<\/span><\/p>\n<p style=\"line-height: inherit; letter-spacing: inherit;\"><span style=\"font-family: inherit; color: #5d5c64; font-weight: 400; font-style: normal; font-size: 12pt;\">As well as leaving gifts to their own families and friends, some generous people also choose to donate part of their assets to the neglected animals in our care.<\/span><\/p>\n<p style=\"line-height: inherit;\"><span style=\"font-family: inherit; color: #5d5c64; letter-spacing: inherit; font-weight: 400; font-style: normal; font-size: 12pt;\">\u00c9 um processo simples que pode ser feito em qualquer altura. Se desejar obter mais informa\u00e7\u00f5es, contacte o seu advogado, um Cart\u00f3rio Notarial ou a Uni\u00e3o Zo\u00f3fila atrav\u00e9s do endere\u00e7o de e-mail: <strong><a style=\"color: #5d5c64;\" href=\"http:\/\/geral@uniaozoofila.org\">geral@uniaozoofila.org<\/a><\/strong><\/span><\/p>\n<h3>&nbsp;<\/h3>\n<h3 style=\"line-height: inherit;\"><span style=\"font-family: inherit; color: #f1501b; letter-spacing: 1px; font-size: 14pt;\">COIMAS E CONTRA-ORDENA\u00c7\u00d5ES<\/span><\/h3>\n<p style=\"line-height: inherit;\"><span style=\"font-family: inherit; color: #5d5c64; font-size: 12pt;\">Pode doar o valor de uma multa ou contra-ordena\u00e7\u00e3o \u00e0 Uni\u00e3o Zo\u00f3fila, para ajudar os c\u00e3es e gatos v\u00edtimas de abandono e maus tratos.&nbsp;Caso o doador opte pelo donativo em vez de pagar diretamente ao Estado, apenas tem de informar o tribunal da sua escolha e obter a sua concord\u00e2ncia.<\/span><\/p>\n<p style=\"line-height: inherit;\"><span style=\"font-family: inherit; font-size: 10pt; color: #5d5c64;\">Segundo o artigo n.\u00ba 281 n.\u00ba 2, al. c) do C\u00f3digo de Processo Penal, pela redac\u00e7\u00e3o conferida pela Lei n.\u00ba 48\/2007, de 29 de Agosto, com entrada em vigor a 15 de Setembro de 2007, nos processos com suspens\u00e3o provis\u00f3ria e preenchidos os pressupostos legais com a concord\u00e2ncia das partes podem ser impostos ao arguido a seguinte regra de conduta&nbsp;\u201cEntregar ao Estado ou a institui\u00e7\u00f5es privadas de solidariedade social certa quantia ou efectuar presta\u00e7\u00e3o de servi\u00e7o de interesse p\u00fablico\u201d.<\/span><\/p><\/div><\/div><\/div><\/div><\/div><div class=\"vce-col vce-col--md-auto vce-col--xs-1 vce-col--xs-last vce-col--xs-first vce-col--sm-last vce-col--sm-first vce-col--md-last vce-col--lg-last vce-col--xl-last\" id=\"el-f67e1e8e\"><div class=\"vce-col-inner\" data-vce-do-apply=\"border margin background  el-f67e1e8e\"><div class=\"vce-col-content\" data-vce-element-content=\"true\" data-vce-do-apply=\"padding el-f67e1e8e\"><div class=\"vce-single-image-container vce-single-image--align-left\"><div class=\"vce vce-single-image-wrapper\" id=\"el-fb08011f\" data-vce-do-apply=\"all el-fb08011f\"><figure><div class=\"vce-single-image-figure-inner\" style=\"width: 829px;\"><div class=\"vce-single-image-inner vce-single-image--absolute\" style=\"width: 100%; padding-bottom: 94.5718%;\"><img decoding=\"async\" class=\"vce-single-image lazyload\"  width=\"829\" height=\"784\" data-srcset=\"https:\/\/www.uniaozoofila.org\/wp-content\/uploads\/2024\/02\/Diana-320x303.png 320w, https:\/\/www.uniaozoofila.org\/wp-content\/uploads\/2024\/02\/Diana-480x454.png 480w, https:\/\/www.uniaozoofila.org\/wp-content\/uploads\/2024\/02\/Diana-800x757.png 800w, https:\/\/www.uniaozoofila.org\/wp-content\/uploads\/2024\/08\/Diana-829x784.png 829w\" data-src=\"https:\/\/www.uniaozoofila.org\/wp-content\/uploads\/2024\/08\/Diana-829x784.png\" data-img-src=\"https:\/\/www.uniaozoofila.org\/wp-content\/uploads\/2024\/02\/Diana.png\" data-attachment-id=\"7045\"  alt=\"\" title=\"Diana\" src=\"data:image\/svg+xml;base64,PHN2ZyB3aWR0aD0iMSIgaGVpZ2h0PSIxIiB4bWxucz0iaHR0cDovL3d3dy53My5vcmcvMjAwMC9zdmciPjwvc3ZnPg==\" style=\"--smush-placeholder-width: 829px; --smush-placeholder-aspect-ratio: 829\/784;\" \/><\/div><\/div><figcaption hidden=\"\"><\/figcaption><\/figure><\/div><\/div><\/div><\/div><\/div><\/div><\/div><\/div><div class=\"vce-row-container\" data-vce-boxed-width=\"true\"><div class=\"vce-row vce-row--col-gap-30 vce-row-equal-height vce-row-content--top\" id=\"el-1c6821aa\" data-vce-do-apply=\"all el-1c6821aa\"><div class=\"vce-row-content\" data-vce-element-content=\"true\"><div class=\"vce-col vce-col--md-auto vce-col--xs-1 vce-col--xs-last vce-col--xs-first vce-col--sm-last vce-col--sm-first vce-col--md-first vce-col--lg-first vce-col--xl-first\" id=\"el-e88c9873\"><div class=\"vce-col-inner\" data-vce-do-apply=\"border margin background  el-e88c9873\"><div class=\"vce-col-content\" data-vce-element-content=\"true\" data-vce-do-apply=\"padding el-e88c9873\"><div class=\"vcv-row-control-wrapper\"><\/div><\/div><\/div><\/div><div class=\"vce-col vce-col--md-auto vce-col--xs-1 vce-col--xs-last vce-col--xs-first vce-col--sm-last vce-col--sm-first vce-col--md-last vce-col--lg-last vce-col--xl-last\" id=\"el-e86ace38\"><div class=\"vce-col-inner\" data-vce-do-apply=\"border margin background  el-e86ace38\"><div class=\"vce-col-content\" data-vce-element-content=\"true\" data-vce-do-apply=\"padding el-e86ace38\"><div class=\"vcv-row-control-wrapper\"><\/div><\/div><\/div><\/div><\/div><\/div><\/div>","protected":false},"excerpt":{"rendered":"<p>&nbsp; CELEBRE O SEU ANIVERS\u00c1RIO COM A UZ Sabia que no seu anivers\u00e1rio pode desafiar os seus amigos a fazer um donativo \u00e0 Uni\u00e3o Zo\u00f3fila atrav\u00e9s da ferramenta de Angaria\u00e7\u00e3o [&hellip;]<\/p>\n","protected":false},"author":2,"featured_media":0,"parent":0,"menu_order":0,"comment_status":"closed","ping_status":"closed","template":"","meta":{"_price":"","_stock":"","_tribe_ticket_header":"","_tribe_default_ticket_provider":"","_tribe_ticket_capacity":"0","_ticket_start_date":"","_ticket_end_date":"","_tribe_ticket_show_description":"","_tribe_ticket_show_not_going":false,"_tribe_ticket_use_global_stock":"","_tribe_ticket_global_stock_level":"","_global_stock_mode":"","_global_stock_cap":"","_tribe_rsvp_for_event":"","_tribe_ticket_going_count":"","_tribe_ticket_not_going_count":"","_tribe_tickets_list":"[]","_tribe_ticket_has_attendee_info_fields":false,"footnotes":"","_tec_slr_enabled":"","_tec_slr_layout":""},"class_list":["post-7180","page","type-page","status-publish","hentry"],"yoast_head":"<!-- This site is optimized with the Yoast SEO plugin v27.5 - https:\/\/yoast.com\/product\/yoast-seo-wordpress\/ -->\n<title>Outras Formas de Ajudar - Uni\u00e3o Zo\u00f3fila<\/title>\n<meta name=\"robots\" content=\"index, follow, max-snippet:-1, max-image-preview:large, max-video-preview:-1\" \/>\n<link rel=\"canonical\" href=\"https:\/\/www.uniaozoofila.org\/en\/outras-formas-de-ajudar\/\" \/>\n<meta property=\"og:locale\" content=\"en_GB\" \/>\n<meta property=\"og:type\" content=\"article\" \/>\n<meta property=\"og:title\" content=\"Outras Formas de Ajudar - Uni\u00e3o Zo\u00f3fila\" \/>\n<meta property=\"og:description\" content=\"&nbsp; CELEBRE O SEU ANIVERS\u00c1RIO COM A UZ Sabia que no seu anivers\u00e1rio pode desafiar os seus amigos a fazer um donativo \u00e0 Uni\u00e3o Zo\u00f3fila atrav\u00e9s da ferramenta de Angaria\u00e7\u00e3o [&hellip;]\" \/>\n<meta property=\"og:url\" content=\"https:\/\/www.uniaozoofila.org\/en\/outras-formas-de-ajudar\/\" \/>\n<meta property=\"og:site_name\" content=\"Uni\u00e3o Zo\u00f3fila\" \/>\n<meta property=\"article:modified_time\" content=\"2024-08-06T09:20:07+00:00\" \/>\n<meta name=\"twitter:card\" content=\"summary_large_image\" \/>\n<meta name=\"twitter:label1\" content=\"Estimated reading time\" \/>\n\t<meta name=\"twitter:data1\" content=\"2 minutes\" \/>\n<script type=\"application\/ld+json\" class=\"yoast-schema-graph\">{\"@context\":\"https:\\\/\\\/schema.org\",\"@graph\":[{\"@type\":\"WebPage\",\"@id\":\"https:\\\/\\\/www.uniaozoofila.org\\\/outras-formas-de-ajudar\\\/\",\"url\":\"https:\\\/\\\/www.uniaozoofila.org\\\/outras-formas-de-ajudar\\\/\",\"name\":\"Outras Formas de Ajudar - Uni\u00e3o Zo\u00f3fila\",\"isPartOf\":{\"@id\":\"https:\\\/\\\/www.uniaozoofila.org\\\/#website\"},\"datePublished\":\"2024-02-23T18:08:27+00:00\",\"dateModified\":\"2024-08-06T09:20:07+00:00\",\"breadcrumb\":{\"@id\":\"https:\\\/\\\/www.uniaozoofila.org\\\/outras-formas-de-ajudar\\\/#breadcrumb\"},\"inLanguage\":\"en-GB\",\"potentialAction\":[{\"@type\":\"ReadAction\",\"target\":[\"https:\\\/\\\/www.uniaozoofila.org\\\/outras-formas-de-ajudar\\\/\"]}]},{\"@type\":\"BreadcrumbList\",\"@id\":\"https:\\\/\\\/www.uniaozoofila.org\\\/outras-formas-de-ajudar\\\/#breadcrumb\",\"itemListElement\":[{\"@type\":\"ListItem\",\"position\":1,\"name\":\"In\u00edcio\",\"item\":\"https:\\\/\\\/www.uniaozoofila.org\\\/\"},{\"@type\":\"ListItem\",\"position\":2,\"name\":\"Outras Formas de Ajudar\"}]},{\"@type\":\"WebSite\",\"@id\":\"https:\\\/\\\/www.uniaozoofila.org\\\/#website\",\"url\":\"https:\\\/\\\/www.uniaozoofila.org\\\/\",\"name\":\"Uni\u00e3o Zo\u00f3fila\",\"description\":\"\",\"publisher\":{\"@id\":\"https:\\\/\\\/www.uniaozoofila.org\\\/#organization\"},\"potentialAction\":[{\"@type\":\"SearchAction\",\"target\":{\"@type\":\"EntryPoint\",\"urlTemplate\":\"https:\\\/\\\/www.uniaozoofila.org\\\/?s={search_term_string}\"},\"query-input\":{\"@type\":\"PropertyValueSpecification\",\"valueRequired\":true,\"valueName\":\"search_term_string\"}}],\"inLanguage\":\"en-GB\"},{\"@type\":\"Organization\",\"@id\":\"https:\\\/\\\/www.uniaozoofila.org\\\/#organization\",\"name\":\"Uni\u00e3o Zo\u00f3fila\",\"url\":\"https:\\\/\\\/www.uniaozoofila.org\\\/\",\"logo\":{\"@type\":\"ImageObject\",\"inLanguage\":\"en-GB\",\"@id\":\"https:\\\/\\\/www.uniaozoofila.org\\\/#\\\/schema\\\/logo\\\/image\\\/\",\"url\":\"https:\\\/\\\/www.uniaozoofila.org\\\/wp-content\\\/uploads\\\/2024\\\/02\\\/cropped-Logo-Com-Letras-Fundo-Branco3.png\",\"contentUrl\":\"https:\\\/\\\/www.uniaozoofila.org\\\/wp-content\\\/uploads\\\/2024\\\/02\\\/cropped-Logo-Com-Letras-Fundo-Branco3.png\",\"width\":389,\"height\":548,\"caption\":\"Uni\u00e3o Zo\u00f3fila\"},\"image\":{\"@id\":\"https:\\\/\\\/www.uniaozoofila.org\\\/#\\\/schema\\\/logo\\\/image\\\/\"}}]}<\/script>\n<!-- \/ Yoast SEO plugin. -->","yoast_head_json":{"title":"Outras Formas de Ajudar - Uni\u00e3o Zo\u00f3fila","robots":{"index":"index","follow":"follow","max-snippet":"max-snippet:-1","max-image-preview":"max-image-preview:large","max-video-preview":"max-video-preview:-1"},"canonical":"https:\/\/www.uniaozoofila.org\/en\/outras-formas-de-ajudar\/","og_locale":"en_GB","og_type":"article","og_title":"Outras Formas de Ajudar - Uni\u00e3o Zo\u00f3fila","og_description":"&nbsp; CELEBRE O SEU ANIVERS\u00c1RIO COM A UZ Sabia que no seu anivers\u00e1rio pode desafiar os seus amigos a fazer um donativo \u00e0 Uni\u00e3o Zo\u00f3fila atrav\u00e9s da ferramenta de Angaria\u00e7\u00e3o [&hellip;]","og_url":"https:\/\/www.uniaozoofila.org\/en\/outras-formas-de-ajudar\/","og_site_name":"Uni\u00e3o Zo\u00f3fila","article_modified_time":"2024-08-06T09:20:07+00:00","twitter_card":"summary_large_image","twitter_misc":{"Estimated reading time":"2 minutes"},"schema":{"@context":"https:\/\/schema.org","@graph":[{"@type":"WebPage","@id":"https:\/\/www.uniaozoofila.org\/outras-formas-de-ajudar\/","url":"https:\/\/www.uniaozoofila.org\/outras-formas-de-ajudar\/","name":"Outras Formas de Ajudar - Uni\u00e3o Zo\u00f3fila","isPartOf":{"@id":"https:\/\/www.uniaozoofila.org\/#website"},"datePublished":"2024-02-23T18:08:27+00:00","dateModified":"2024-08-06T09:20:07+00:00","breadcrumb":{"@id":"https:\/\/www.uniaozoofila.org\/outras-formas-de-ajudar\/#breadcrumb"},"inLanguage":"en-GB","potentialAction":[{"@type":"ReadAction","target":["https:\/\/www.uniaozoofila.org\/outras-formas-de-ajudar\/"]}]},{"@type":"BreadcrumbList","@id":"https:\/\/www.uniaozoofila.org\/outras-formas-de-ajudar\/#breadcrumb","itemListElement":[{"@type":"ListItem","position":1,"name":"In\u00edcio","item":"https:\/\/www.uniaozoofila.org\/"},{"@type":"ListItem","position":2,"name":"Outras Formas de Ajudar"}]},{"@type":"WebSite","@id":"https:\/\/www.uniaozoofila.org\/#website","url":"https:\/\/www.uniaozoofila.org\/","name":"Uni\u00e3o Zo\u00f3fila","description":"","publisher":{"@id":"https:\/\/www.uniaozoofila.org\/#organization"},"potentialAction":[{"@type":"SearchAction","target":{"@type":"EntryPoint","urlTemplate":"https:\/\/www.uniaozoofila.org\/?s={search_term_string}"},"query-input":{"@type":"PropertyValueSpecification","valueRequired":true,"valueName":"search_term_string"}}],"inLanguage":"en-GB"},{"@type":"Organization","@id":"https:\/\/www.uniaozoofila.org\/#organization","name":"Uni\u00e3o Zo\u00f3fila","url":"https:\/\/www.uniaozoofila.org\/","logo":{"@type":"ImageObject","inLanguage":"en-GB","@id":"https:\/\/www.uniaozoofila.org\/#\/schema\/logo\/image\/","url":"https:\/\/www.uniaozoofila.org\/wp-content\/uploads\/2024\/02\/cropped-Logo-Com-Letras-Fundo-Branco3.png","contentUrl":"https:\/\/www.uniaozoofila.org\/wp-content\/uploads\/2024\/02\/cropped-Logo-Com-Letras-Fundo-Branco3.png","width":389,"height":548,"caption":"Uni\u00e3o Zo\u00f3fila"},"image":{"@id":"https:\/\/www.uniaozoofila.org\/#\/schema\/logo\/image\/"}}]}},"ticketed":false,"_links":{"self":[{"href":"https:\/\/www.uniaozoofila.org\/en\/wp-json\/wp\/v2\/pages\/7180","targetHints":{"allow":["GET"]}}],"collection":[{"href":"https:\/\/www.uniaozoofila.org\/en\/wp-json\/wp\/v2\/pages"}],"about":[{"href":"https:\/\/www.uniaozoofila.org\/en\/wp-json\/wp\/v2\/types\/page"}],"author":[{"embeddable":true,"href":"https:\/\/www.uniaozoofila.org\/en\/wp-json\/wp\/v2\/users\/2"}],"replies":[{"embeddable":true,"href":"https:\/\/www.uniaozoofila.org\/en\/wp-json\/wp\/v2\/comments?post=7180"}],"version-history":[{"count":4,"href":"https:\/\/www.uniaozoofila.org\/en\/wp-json\/wp\/v2\/pages\/7180\/revisions"}],"predecessor-version":[{"id":7404,"href":"https:\/\/www.uniaozoofila.org\/en\/wp-json\/wp\/v2\/pages\/7180\/revisions\/7404"}],"wp:attachment":[{"href":"https:\/\/www.uniaozoofila.org\/en\/wp-json\/wp\/v2\/media?parent=7180"}],"curies":[{"name":"wp","href":"https:\/\/api.w.org\/{rel}","templated":true}]}}